{"id":4120,"date":"2022-08-02T15:32:55","date_gmt":"2022-08-02T14:32:55","guid":{"rendered":"https:\/\/www.giraffe360.com\/plans-detage\/"},"modified":"2024-12-03T14:35:42","modified_gmt":"2024-12-03T14:35:42","slug":"plans-detage","status":"publish","type":"page","link":"https:\/\/www.giraffe360.com\/fr\/le-produit\/plans-detage\/","title":{"rendered":"Plans d&rsquo;\u00e9tage"},"content":{"rendered":"","protected":false},"excerpt":{"rendered":"","protected":false},"author":12,"featured_media":0,"parent":4201,"menu_order":88,"comment_status":"closed","ping_status":"closed","template":"","meta":{"_acf_changed":false,"_breakdance_hide_in_design_set":false,"_breakdance_tags":"","footnotes":""},"class_list":["post-4120","page","type-page","status-publish","hentry"],"acf":[],"yoast_head":"<!-- This site is optimized with the Yoast SEO plugin v27.6 - https:\/\/yoast.com\/product\/yoast-seo-wordpress\/ -->\n<title>Plan d&#039;\u00e9tage virtuel | Giraffe360<\/title>\n<meta name=\"description\" content=\"G\u00e9n\u00e9rer des plans d&#039;\u00e9tage d\u00e9taill\u00e9s gr\u00e2ce \u00e0 notre technologie innovante de cam\u00e9ra 360. \u00c9conomisez jusqu&#039;\u00e0 90 % sur les co\u00fbts traditionnels et b\u00e9n\u00e9ficiez d&#039;une pr\u00e9cision allant jusqu&#039;\u00e0 98 %. R\u00e9servez une d\u00e9monstration aujourd&#039;hui.\" \/>\n<meta name=\"robots\" content=\"index, follow, max-snippet:-1, max-image-preview:large, max-video-preview:-1\" \/>\n<link rel=\"canonical\" href=\"https:\/\/www.giraffe360.com\/fr\/le-produit\/plans-detage\/\" \/>\n<meta property=\"og:locale\" content=\"fr_FR\" \/>\n<meta property=\"og:type\" content=\"article\" \/>\n<meta property=\"og:title\" content=\"Plan d&#039;\u00e9tage virtuel | Giraffe360\" \/>\n<meta property=\"og:description\" content=\"G\u00e9n\u00e9rer des plans d&#039;\u00e9tage d\u00e9taill\u00e9s gr\u00e2ce \u00e0 notre technologie innovante de cam\u00e9ra 360. \u00c9conomisez jusqu&#039;\u00e0 90 % sur les co\u00fbts traditionnels et b\u00e9n\u00e9ficiez d&#039;une pr\u00e9cision allant jusqu&#039;\u00e0 98 %. R\u00e9servez une d\u00e9monstration aujourd&#039;hui.\" \/>\n<meta property=\"og:url\" content=\"https:\/\/www.giraffe360.com\/fr\/le-produit\/plans-detage\/\" \/>\n<meta property=\"og:site_name\" content=\"Giraffe360\" \/>\n<meta property=\"article:publisher\" content=\"https:\/\/www.facebook.com\/THISISGIRAFFE360\" \/>\n<meta property=\"article:modified_time\" content=\"2024-12-03T14:35:42+00:00\" \/>\n<meta property=\"og:image\" content=\"https:\/\/www.giraffe360.com\/wp-content\/uploads\/2022\/08\/Giraffe-Logo.jpg\" \/>\n\t<meta property=\"og:image:width\" content=\"828\" \/>\n\t<meta property=\"og:image:height\" content=\"552\" \/>\n\t<meta property=\"og:image:type\" content=\"image\/jpeg\" \/>\n<meta name=\"twitter:card\" content=\"summary_large_image\" \/>\n<meta name=\"twitter:site\" content=\"@giraffe360\" \/>\n<meta name=\"twitter:label1\" content=\"Dur\u00e9e de lecture estim\u00e9e\" \/>\n\t<meta name=\"twitter:data1\" content=\"7 minutes\" \/>\n<script type=\"application\/ld+json\" class=\"yoast-schema-graph\">{\"@context\":\"https:\\\/\\\/schema.org\",\"@graph\":[{\"@type\":\"WebPage\",\"@id\":\"https:\\\/\\\/www.giraffe360.com\\\/fr\\\/le-produit\\\/plans-detage\\\/\",\"url\":\"https:\\\/\\\/www.giraffe360.com\\\/fr\\\/le-produit\\\/plans-detage\\\/\",\"name\":\"Plan d'\u00e9tage virtuel | Giraffe360\",\"isPartOf\":{\"@id\":\"https:\\\/\\\/www.giraffe360.com\\\/fr\\\/#website\"},\"datePublished\":\"2022-08-02T14:32:55+00:00\",\"dateModified\":\"2024-12-03T14:35:42+00:00\",\"description\":\"G\u00e9n\u00e9rer des plans d'\u00e9tage d\u00e9taill\u00e9s gr\u00e2ce \u00e0 notre technologie innovante de cam\u00e9ra 360. \u00c9conomisez jusqu'\u00e0 90 % sur les co\u00fbts traditionnels et b\u00e9n\u00e9ficiez d'une pr\u00e9cision allant jusqu'\u00e0 98 %. R\u00e9servez une d\u00e9monstration aujourd'hui.\",\"breadcrumb\":{\"@id\":\"https:\\\/\\\/www.giraffe360.com\\\/fr\\\/le-produit\\\/plans-detage\\\/#breadcrumb\"},\"inLanguage\":\"fr-FR\",\"potentialAction\":[{\"@type\":\"ReadAction\",\"target\":[\"https:\\\/\\\/www.giraffe360.com\\\/fr\\\/le-produit\\\/plans-detage\\\/\"]}]},{\"@type\":\"BreadcrumbList\",\"@id\":\"https:\\\/\\\/www.giraffe360.com\\\/fr\\\/le-produit\\\/plans-detage\\\/#breadcrumb\",\"itemListElement\":[{\"@type\":\"ListItem\",\"position\":1,\"name\":\"Home\",\"item\":\"https:\\\/\\\/www.giraffe360.com\\\/fr\\\/\"},{\"@type\":\"ListItem\",\"position\":2,\"name\":\"Le produit\",\"item\":\"https:\\\/\\\/www.giraffe360.com\\\/fr\\\/?page_id=4201\"},{\"@type\":\"ListItem\",\"position\":3,\"name\":\"Plans d&#8217;\u00e9tage\"}]},{\"@type\":\"WebSite\",\"@id\":\"https:\\\/\\\/www.giraffe360.com\\\/fr\\\/#website\",\"url\":\"https:\\\/\\\/www.giraffe360.com\\\/fr\\\/\",\"name\":\"Giraffe360\",\"description\":\"\",\"publisher\":{\"@id\":\"https:\\\/\\\/www.giraffe360.com\\\/fr\\\/#organization\"},\"potentialAction\":[{\"@type\":\"SearchAction\",\"target\":{\"@type\":\"EntryPoint\",\"urlTemplate\":\"https:\\\/\\\/www.giraffe360.com\\\/fr\\\/?s={search_term_string}\"},\"query-input\":{\"@type\":\"PropertyValueSpecification\",\"valueRequired\":true,\"valueName\":\"search_term_string\"}}],\"inLanguage\":\"fr-FR\"},{\"@type\":\"Organization\",\"@id\":\"https:\\\/\\\/www.giraffe360.com\\\/fr\\\/#organization\",\"name\":\"Giraffe360\",\"url\":\"https:\\\/\\\/www.giraffe360.com\\\/fr\\\/\",\"logo\":{\"@type\":\"ImageObject\",\"inLanguage\":\"fr-FR\",\"@id\":\"https:\\\/\\\/www.giraffe360.com\\\/fr\\\/#\\\/schema\\\/logo\\\/image\\\/\",\"url\":\"https:\\\/\\\/webcdn.giraffe360.com\\\/wp-content\\\/uploads\\\/2022\\\/08\\\/Giraffe-Logo.jpg?strip=all&lossy=1&ssl=1\",\"contentUrl\":\"https:\\\/\\\/webcdn.giraffe360.com\\\/wp-content\\\/uploads\\\/2022\\\/08\\\/Giraffe-Logo.jpg?strip=all&lossy=1&ssl=1\",\"width\":828,\"height\":552,\"caption\":\"Giraffe360\"},\"image\":{\"@id\":\"https:\\\/\\\/www.giraffe360.com\\\/fr\\\/#\\\/schema\\\/logo\\\/image\\\/\"},\"sameAs\":[\"https:\\\/\\\/www.facebook.com\\\/THISISGIRAFFE360\",\"https:\\\/\\\/x.com\\\/giraffe360\"]}]}<\/script>\n<!-- \/ Yoast SEO plugin. -->","yoast_head_json":{"title":"Plan d'\u00e9tage virtuel | Giraffe360","description":"G\u00e9n\u00e9rer des plans d'\u00e9tage d\u00e9taill\u00e9s gr\u00e2ce \u00e0 notre technologie innovante de cam\u00e9ra 360. \u00c9conomisez jusqu'\u00e0 90 % sur les co\u00fbts traditionnels et b\u00e9n\u00e9ficiez d'une pr\u00e9cision allant jusqu'\u00e0 98 %. R\u00e9servez une d\u00e9monstration aujourd'hui.","robots":{"index":"index","follow":"follow","max-snippet":"max-snippet:-1","max-image-preview":"max-image-preview:large","max-video-preview":"max-video-preview:-1"},"canonical":"https:\/\/www.giraffe360.com\/fr\/le-produit\/plans-detage\/","og_locale":"fr_FR","og_type":"article","og_title":"Plan d'\u00e9tage virtuel | Giraffe360","og_description":"G\u00e9n\u00e9rer des plans d'\u00e9tage d\u00e9taill\u00e9s gr\u00e2ce \u00e0 notre technologie innovante de cam\u00e9ra 360. \u00c9conomisez jusqu'\u00e0 90 % sur les co\u00fbts traditionnels et b\u00e9n\u00e9ficiez d'une pr\u00e9cision allant jusqu'\u00e0 98 %. R\u00e9servez une d\u00e9monstration aujourd'hui.","og_url":"https:\/\/www.giraffe360.com\/fr\/le-produit\/plans-detage\/","og_site_name":"Giraffe360","article_publisher":"https:\/\/www.facebook.com\/THISISGIRAFFE360","article_modified_time":"2024-12-03T14:35:42+00:00","og_image":[{"width":828,"height":552,"url":"https:\/\/www.giraffe360.com\/wp-content\/uploads\/2022\/08\/Giraffe-Logo.jpg","type":"image\/jpeg"}],"twitter_card":"summary_large_image","twitter_site":"@giraffe360","twitter_misc":{"Dur\u00e9e de lecture estim\u00e9e":"7 minutes"},"schema":{"@context":"https:\/\/schema.org","@graph":[{"@type":"WebPage","@id":"https:\/\/www.giraffe360.com\/fr\/le-produit\/plans-detage\/","url":"https:\/\/www.giraffe360.com\/fr\/le-produit\/plans-detage\/","name":"Plan d'\u00e9tage virtuel | Giraffe360","isPartOf":{"@id":"https:\/\/www.giraffe360.com\/fr\/#website"},"datePublished":"2022-08-02T14:32:55+00:00","dateModified":"2024-12-03T14:35:42+00:00","description":"G\u00e9n\u00e9rer des plans d'\u00e9tage d\u00e9taill\u00e9s gr\u00e2ce \u00e0 notre technologie innovante de cam\u00e9ra 360. \u00c9conomisez jusqu'\u00e0 90 % sur les co\u00fbts traditionnels et b\u00e9n\u00e9ficiez d'une pr\u00e9cision allant jusqu'\u00e0 98 %. R\u00e9servez une d\u00e9monstration aujourd'hui.","breadcrumb":{"@id":"https:\/\/www.giraffe360.com\/fr\/le-produit\/plans-detage\/#breadcrumb"},"inLanguage":"fr-FR","potentialAction":[{"@type":"ReadAction","target":["https:\/\/www.giraffe360.com\/fr\/le-produit\/plans-detage\/"]}]},{"@type":"BreadcrumbList","@id":"https:\/\/www.giraffe360.com\/fr\/le-produit\/plans-detage\/#breadcrumb","itemListElement":[{"@type":"ListItem","position":1,"name":"Home","item":"https:\/\/www.giraffe360.com\/fr\/"},{"@type":"ListItem","position":2,"name":"Le produit","item":"https:\/\/www.giraffe360.com\/fr\/?page_id=4201"},{"@type":"ListItem","position":3,"name":"Plans d&#8217;\u00e9tage"}]},{"@type":"WebSite","@id":"https:\/\/www.giraffe360.com\/fr\/#website","url":"https:\/\/www.giraffe360.com\/fr\/","name":"Giraffe360","description":"","publisher":{"@id":"https:\/\/www.giraffe360.com\/fr\/#organization"},"potentialAction":[{"@type":"SearchAction","target":{"@type":"EntryPoint","urlTemplate":"https:\/\/www.giraffe360.com\/fr\/?s={search_term_string}"},"query-input":{"@type":"PropertyValueSpecification","valueRequired":true,"valueName":"search_term_string"}}],"inLanguage":"fr-FR"},{"@type":"Organization","@id":"https:\/\/www.giraffe360.com\/fr\/#organization","name":"Giraffe360","url":"https:\/\/www.giraffe360.com\/fr\/","logo":{"@type":"ImageObject","inLanguage":"fr-FR","@id":"https:\/\/www.giraffe360.com\/fr\/#\/schema\/logo\/image\/","url":"https:\/\/webcdn.giraffe360.com\/wp-content\/uploads\/2022\/08\/Giraffe-Logo.jpg?strip=all&lossy=1&ssl=1","contentUrl":"https:\/\/webcdn.giraffe360.com\/wp-content\/uploads\/2022\/08\/Giraffe-Logo.jpg?strip=all&lossy=1&ssl=1","width":828,"height":552,"caption":"Giraffe360"},"image":{"@id":"https:\/\/www.giraffe360.com\/fr\/#\/schema\/logo\/image\/"},"sameAs":["https:\/\/www.facebook.com\/THISISGIRAFFE360","https:\/\/x.com\/giraffe360"]}]}},"_links":{"self":[{"href":"https:\/\/www.giraffe360.com\/fr\/wp-json\/wp\/v2\/pages\/4120","targetHints":{"allow":["GET"]}}],"collection":[{"href":"https:\/\/www.giraffe360.com\/fr\/wp-json\/wp\/v2\/pages"}],"about":[{"href":"https:\/\/www.giraffe360.com\/fr\/wp-json\/wp\/v2\/types\/page"}],"author":[{"embeddable":true,"href":"https:\/\/www.giraffe360.com\/fr\/wp-json\/wp\/v2\/users\/12"}],"replies":[{"embeddable":true,"href":"https:\/\/www.giraffe360.com\/fr\/wp-json\/wp\/v2\/comments?post=4120"}],"version-history":[{"count":3,"href":"https:\/\/www.giraffe360.com\/fr\/wp-json\/wp\/v2\/pages\/4120\/revisions"}],"predecessor-version":[{"id":16057,"href":"https:\/\/www.giraffe360.com\/fr\/wp-json\/wp\/v2\/pages\/4120\/revisions\/16057"}],"up":[{"embeddable":true,"href":"https:\/\/www.giraffe360.com\/fr\/wp-json\/wp\/v2\/pages\/4201"}],"wp:attachment":[{"href":"https:\/\/www.giraffe360.com\/fr\/wp-json\/wp\/v2\/media?parent=4120"}],"curies":[{"name":"wp","href":"https:\/\/api.w.org\/{rel}","templated":true}]}}