{"id":12068,"date":"2022-08-02T15:39:31","date_gmt":"2022-08-02T14:39:31","guid":{"rendered":"https:\/\/www.giraffe360.com\/fotografia-inmobiliaria\/"},"modified":"2024-11-19T14:47:43","modified_gmt":"2024-11-19T14:47:43","slug":"fotografia-inmobiliaria","status":"publish","type":"page","link":"https:\/\/www.giraffe360.com\/es\/el-producto\/fotografia-inmobiliaria\/","title":{"rendered":"Fotograf\u00eda inmobiliaria"},"content":{"rendered":"","protected":false},"excerpt":{"rendered":"","protected":false},"author":12,"featured_media":0,"parent":12369,"menu_order":130,"comment_status":"closed","ping_status":"closed","template":"","meta":{"_acf_changed":false,"_breakdance_hide_in_design_set":false,"_breakdance_tags":"","footnotes":""},"class_list":["post-12068","page","type-page","status-publish","hentry"],"acf":[],"yoast_head":"<!-- This site is optimized with the Yoast SEO plugin v27.3 - https:\/\/yoast.com\/product\/yoast-seo-wordpress\/ -->\n<title>Fotograf\u00eda HDR de propiedades y bienes inmuebles | Giraffe360<\/title>\n<meta name=\"description\" content=\"Mejora tus anuncios con la fotograf\u00eda HDR de Giraffe360. Capta cada espacio con asombroso detalle y precisi\u00f3n para ganarte a los compradores potenciales. Reserva una demostraci\u00f3n.\" \/>\n<meta name=\"robots\" content=\"index, follow, max-snippet:-1, max-image-preview:large, max-video-preview:-1\" \/>\n<link rel=\"canonical\" href=\"https:\/\/giraffe360.com\/es\/el-producto\/fotografia-inmobiliaria\/\" \/>\n<meta property=\"og:locale\" content=\"es_ES\" \/>\n<meta property=\"og:type\" content=\"article\" \/>\n<meta property=\"og:title\" content=\"Fotograf\u00eda HDR de propiedades y bienes inmuebles | Giraffe360\" \/>\n<meta property=\"og:description\" content=\"Mejora tus anuncios con la fotograf\u00eda HDR de Giraffe360. Capta cada espacio con asombroso detalle y precisi\u00f3n para ganarte a los compradores potenciales. Reserva una demostraci\u00f3n.\" \/>\n<meta property=\"og:url\" content=\"https:\/\/giraffe360.com\/es\/el-producto\/fotografia-inmobiliaria\/\" \/>\n<meta property=\"og:site_name\" content=\"Giraffe360\" \/>\n<meta property=\"article:publisher\" content=\"https:\/\/www.facebook.com\/THISISGIRAFFE360\" \/>\n<meta property=\"article:modified_time\" content=\"2024-11-19T14:47:43+00:00\" \/>\n<meta property=\"og:image\" content=\"https:\/\/www.giraffe360.com\/wp-content\/uploads\/2022\/08\/Giraffe-Logo.jpg\" \/>\n\t<meta property=\"og:image:width\" content=\"828\" \/>\n\t<meta property=\"og:image:height\" content=\"552\" \/>\n\t<meta property=\"og:image:type\" content=\"image\/jpeg\" \/>\n<meta name=\"twitter:card\" content=\"summary_large_image\" \/>\n<meta name=\"twitter:site\" content=\"@giraffe360\" \/>\n<meta name=\"twitter:label1\" content=\"Tiempo de lectura\" \/>\n\t<meta name=\"twitter:data1\" content=\"7 minutos\" \/>\n<script type=\"application\/ld+json\" class=\"yoast-schema-graph\">{\"@context\":\"https:\\\/\\\/schema.org\",\"@graph\":[{\"@type\":\"WebPage\",\"@id\":\"https:\\\/\\\/www.giraffe360.com\\\/es\\\/el-producto\\\/fotografia-inmobiliaria\\\/\",\"url\":\"https:\\\/\\\/giraffe360.com\\\/es\\\/el-producto\\\/fotografia-inmobiliaria\\\/\",\"name\":\"Fotograf\u00eda HDR de propiedades y bienes inmuebles | Giraffe360\",\"isPartOf\":{\"@id\":\"https:\\\/\\\/www.giraffe360.com\\\/es\\\/#website\"},\"datePublished\":\"2022-08-02T14:39:31+00:00\",\"dateModified\":\"2024-11-19T14:47:43+00:00\",\"description\":\"Mejora tus anuncios con la fotograf\u00eda HDR de Giraffe360. Capta cada espacio con asombroso detalle y precisi\u00f3n para ganarte a los compradores potenciales. Reserva una demostraci\u00f3n.\",\"breadcrumb\":{\"@id\":\"https:\\\/\\\/giraffe360.com\\\/es\\\/el-producto\\\/fotografia-inmobiliaria\\\/#breadcrumb\"},\"inLanguage\":\"es\",\"potentialAction\":[{\"@type\":\"ReadAction\",\"target\":[\"https:\\\/\\\/giraffe360.com\\\/es\\\/el-producto\\\/fotografia-inmobiliaria\\\/\"]}]},{\"@type\":\"BreadcrumbList\",\"@id\":\"https:\\\/\\\/giraffe360.com\\\/es\\\/el-producto\\\/fotografia-inmobiliaria\\\/#breadcrumb\",\"itemListElement\":[{\"@type\":\"ListItem\",\"position\":1,\"name\":\"Home\",\"item\":\"https:\\\/\\\/www.giraffe360.com\\\/es\\\/\"},{\"@type\":\"ListItem\",\"position\":2,\"name\":\"El producto\",\"item\":\"https:\\\/\\\/www.giraffe360.com\\\/es\\\/el-producto\\\/\"},{\"@type\":\"ListItem\",\"position\":3,\"name\":\"Fotograf\u00eda inmobiliaria\"}]},{\"@type\":\"WebSite\",\"@id\":\"https:\\\/\\\/www.giraffe360.com\\\/es\\\/#website\",\"url\":\"https:\\\/\\\/www.giraffe360.com\\\/es\\\/\",\"name\":\"Giraffe360\",\"description\":\"\",\"publisher\":{\"@id\":\"https:\\\/\\\/www.giraffe360.com\\\/es\\\/#organization\"},\"potentialAction\":[{\"@type\":\"SearchAction\",\"target\":{\"@type\":\"EntryPoint\",\"urlTemplate\":\"https:\\\/\\\/www.giraffe360.com\\\/es\\\/?s={search_term_string}\"},\"query-input\":{\"@type\":\"PropertyValueSpecification\",\"valueRequired\":true,\"valueName\":\"search_term_string\"}}],\"inLanguage\":\"es\"},{\"@type\":\"Organization\",\"@id\":\"https:\\\/\\\/www.giraffe360.com\\\/es\\\/#organization\",\"name\":\"Giraffe360\",\"url\":\"https:\\\/\\\/www.giraffe360.com\\\/es\\\/\",\"logo\":{\"@type\":\"ImageObject\",\"inLanguage\":\"es\",\"@id\":\"https:\\\/\\\/www.giraffe360.com\\\/es\\\/#\\\/schema\\\/logo\\\/image\\\/\",\"url\":\"https:\\\/\\\/webcdn.giraffe360.com\\\/wp-content\\\/uploads\\\/2022\\\/08\\\/Giraffe-Logo.jpg?strip=all&lossy=1&ssl=1\",\"contentUrl\":\"https:\\\/\\\/webcdn.giraffe360.com\\\/wp-content\\\/uploads\\\/2022\\\/08\\\/Giraffe-Logo.jpg?strip=all&lossy=1&ssl=1\",\"width\":828,\"height\":552,\"caption\":\"Giraffe360\"},\"image\":{\"@id\":\"https:\\\/\\\/www.giraffe360.com\\\/es\\\/#\\\/schema\\\/logo\\\/image\\\/\"},\"sameAs\":[\"https:\\\/\\\/www.facebook.com\\\/THISISGIRAFFE360\",\"https:\\\/\\\/x.com\\\/giraffe360\"]}]}<\/script>\n<!-- \/ Yoast SEO plugin. -->","yoast_head_json":{"title":"Fotograf\u00eda HDR de propiedades y bienes inmuebles | Giraffe360","description":"Mejora tus anuncios con la fotograf\u00eda HDR de Giraffe360. Capta cada espacio con asombroso detalle y precisi\u00f3n para ganarte a los compradores potenciales. Reserva una demostraci\u00f3n.","robots":{"index":"index","follow":"follow","max-snippet":"max-snippet:-1","max-image-preview":"max-image-preview:large","max-video-preview":"max-video-preview:-1"},"canonical":"https:\/\/giraffe360.com\/es\/el-producto\/fotografia-inmobiliaria\/","og_locale":"es_ES","og_type":"article","og_title":"Fotograf\u00eda HDR de propiedades y bienes inmuebles | Giraffe360","og_description":"Mejora tus anuncios con la fotograf\u00eda HDR de Giraffe360. Capta cada espacio con asombroso detalle y precisi\u00f3n para ganarte a los compradores potenciales. Reserva una demostraci\u00f3n.","og_url":"https:\/\/giraffe360.com\/es\/el-producto\/fotografia-inmobiliaria\/","og_site_name":"Giraffe360","article_publisher":"https:\/\/www.facebook.com\/THISISGIRAFFE360","article_modified_time":"2024-11-19T14:47:43+00:00","og_image":[{"width":828,"height":552,"url":"https:\/\/www.giraffe360.com\/wp-content\/uploads\/2022\/08\/Giraffe-Logo.jpg","type":"image\/jpeg"}],"twitter_card":"summary_large_image","twitter_site":"@giraffe360","twitter_misc":{"Tiempo de lectura":"7 minutos"},"schema":{"@context":"https:\/\/schema.org","@graph":[{"@type":"WebPage","@id":"https:\/\/www.giraffe360.com\/es\/el-producto\/fotografia-inmobiliaria\/","url":"https:\/\/giraffe360.com\/es\/el-producto\/fotografia-inmobiliaria\/","name":"Fotograf\u00eda HDR de propiedades y bienes inmuebles | Giraffe360","isPartOf":{"@id":"https:\/\/www.giraffe360.com\/es\/#website"},"datePublished":"2022-08-02T14:39:31+00:00","dateModified":"2024-11-19T14:47:43+00:00","description":"Mejora tus anuncios con la fotograf\u00eda HDR de Giraffe360. Capta cada espacio con asombroso detalle y precisi\u00f3n para ganarte a los compradores potenciales. Reserva una demostraci\u00f3n.","breadcrumb":{"@id":"https:\/\/giraffe360.com\/es\/el-producto\/fotografia-inmobiliaria\/#breadcrumb"},"inLanguage":"es","potentialAction":[{"@type":"ReadAction","target":["https:\/\/giraffe360.com\/es\/el-producto\/fotografia-inmobiliaria\/"]}]},{"@type":"BreadcrumbList","@id":"https:\/\/giraffe360.com\/es\/el-producto\/fotografia-inmobiliaria\/#breadcrumb","itemListElement":[{"@type":"ListItem","position":1,"name":"Home","item":"https:\/\/www.giraffe360.com\/es\/"},{"@type":"ListItem","position":2,"name":"El producto","item":"https:\/\/www.giraffe360.com\/es\/el-producto\/"},{"@type":"ListItem","position":3,"name":"Fotograf\u00eda inmobiliaria"}]},{"@type":"WebSite","@id":"https:\/\/www.giraffe360.com\/es\/#website","url":"https:\/\/www.giraffe360.com\/es\/","name":"Giraffe360","description":"","publisher":{"@id":"https:\/\/www.giraffe360.com\/es\/#organization"},"potentialAction":[{"@type":"SearchAction","target":{"@type":"EntryPoint","urlTemplate":"https:\/\/www.giraffe360.com\/es\/?s={search_term_string}"},"query-input":{"@type":"PropertyValueSpecification","valueRequired":true,"valueName":"search_term_string"}}],"inLanguage":"es"},{"@type":"Organization","@id":"https:\/\/www.giraffe360.com\/es\/#organization","name":"Giraffe360","url":"https:\/\/www.giraffe360.com\/es\/","logo":{"@type":"ImageObject","inLanguage":"es","@id":"https:\/\/www.giraffe360.com\/es\/#\/schema\/logo\/image\/","url":"https:\/\/webcdn.giraffe360.com\/wp-content\/uploads\/2022\/08\/Giraffe-Logo.jpg?strip=all&lossy=1&ssl=1","contentUrl":"https:\/\/webcdn.giraffe360.com\/wp-content\/uploads\/2022\/08\/Giraffe-Logo.jpg?strip=all&lossy=1&ssl=1","width":828,"height":552,"caption":"Giraffe360"},"image":{"@id":"https:\/\/www.giraffe360.com\/es\/#\/schema\/logo\/image\/"},"sameAs":["https:\/\/www.facebook.com\/THISISGIRAFFE360","https:\/\/x.com\/giraffe360"]}]}},"_links":{"self":[{"href":"https:\/\/www.giraffe360.com\/es\/wp-json\/wp\/v2\/pages\/12068","targetHints":{"allow":["GET"]}}],"collection":[{"href":"https:\/\/www.giraffe360.com\/es\/wp-json\/wp\/v2\/pages"}],"about":[{"href":"https:\/\/www.giraffe360.com\/es\/wp-json\/wp\/v2\/types\/page"}],"author":[{"embeddable":true,"href":"https:\/\/www.giraffe360.com\/es\/wp-json\/wp\/v2\/users\/12"}],"replies":[{"embeddable":true,"href":"https:\/\/www.giraffe360.com\/es\/wp-json\/wp\/v2\/comments?post=12068"}],"version-history":[{"count":2,"href":"https:\/\/www.giraffe360.com\/es\/wp-json\/wp\/v2\/pages\/12068\/revisions"}],"predecessor-version":[{"id":15640,"href":"https:\/\/www.giraffe360.com\/es\/wp-json\/wp\/v2\/pages\/12068\/revisions\/15640"}],"up":[{"embeddable":true,"href":"https:\/\/www.giraffe360.com\/es\/wp-json\/wp\/v2\/pages\/12369"}],"wp:attachment":[{"href":"https:\/\/www.giraffe360.com\/es\/wp-json\/wp\/v2\/media?parent=12068"}],"curies":[{"name":"wp","href":"https:\/\/api.w.org\/{rel}","templated":true}]}}