{"id":4149,"date":"2022-12-13T14:08:07","date_gmt":"2022-12-13T14:08:07","guid":{"rendered":"https:\/\/www.giraffe360.com\/dxf-grundrisse\/"},"modified":"2024-02-23T10:41:55","modified_gmt":"2024-02-23T10:41:55","slug":"dxf-grundrisse","status":"publish","type":"page","link":"https:\/\/www.giraffe360.com\/de\/dxf-grundrisse\/","title":{"rendered":"DXF Grundrisse"},"content":{"rendered":"","protected":false},"excerpt":{"rendered":"","protected":false},"author":12,"featured_media":0,"parent":0,"menu_order":186,"comment_status":"closed","ping_status":"closed","template":"","meta":{"_acf_changed":false,"_breakdance_hide_in_design_set":false,"_breakdance_tags":"","footnotes":""},"class_list":["post-4149","page","type-page","status-publish","hentry"],"acf":[],"yoast_head":"<!-- This site is optimized with the Yoast SEO plugin v27.3 - https:\/\/yoast.com\/product\/yoast-seo-wordpress\/ -->\n<title>Editierbare DXF-Grundrisse | Giraffe360<\/title>\n<meta name=\"description\" content=\"Erstellen Sie mit der fortschrittlichen Kameratechnologie von Giraffe360 m\u00fchelos pr\u00e4zise DXF-Grundrisse, die sich ideal f\u00fcr CAD-Design und Immobiliengrundrisse eignen. Buchen Sie noch heute eine Demo.\" \/>\n<meta name=\"robots\" content=\"index, follow, max-snippet:-1, max-image-preview:large, max-video-preview:-1\" \/>\n<link rel=\"canonical\" href=\"https:\/\/www.giraffe360.com\/de\/dxf-grundrisse\/\" \/>\n<meta property=\"og:locale\" content=\"de_DE\" \/>\n<meta property=\"og:type\" content=\"article\" \/>\n<meta property=\"og:title\" content=\"Editierbare DXF-Grundrisse | Giraffe360\" \/>\n<meta property=\"og:description\" content=\"Erstellen Sie mit der fortschrittlichen Kameratechnologie von Giraffe360 m\u00fchelos pr\u00e4zise DXF-Grundrisse, die sich ideal f\u00fcr CAD-Design und Immobiliengrundrisse eignen. Buchen Sie noch heute eine Demo.\" \/>\n<meta property=\"og:url\" content=\"https:\/\/www.giraffe360.com\/de\/dxf-grundrisse\/\" \/>\n<meta property=\"og:site_name\" content=\"Giraffe360\" \/>\n<meta property=\"article:publisher\" content=\"https:\/\/www.facebook.com\/THISISGIRAFFE360\" \/>\n<meta property=\"article:modified_time\" content=\"2024-02-23T10:41:55+00:00\" \/>\n<meta property=\"og:image\" content=\"https:\/\/www.giraffe360.com\/wp-content\/uploads\/2022\/08\/Giraffe-Logo.jpg\" \/>\n\t<meta property=\"og:image:width\" content=\"828\" \/>\n\t<meta property=\"og:image:height\" content=\"552\" \/>\n\t<meta property=\"og:image:type\" content=\"image\/jpeg\" \/>\n<meta name=\"twitter:card\" content=\"summary_large_image\" \/>\n<meta name=\"twitter:site\" content=\"@giraffe360\" \/>\n<script type=\"application\/ld+json\" class=\"yoast-schema-graph\">{\"@context\":\"https:\\\/\\\/schema.org\",\"@graph\":[{\"@type\":\"WebPage\",\"@id\":\"https:\\\/\\\/www.giraffe360.com\\\/de\\\/dxf-grundrisse\\\/\",\"url\":\"https:\\\/\\\/www.giraffe360.com\\\/de\\\/dxf-grundrisse\\\/\",\"name\":\"Editierbare DXF-Grundrisse | Giraffe360\",\"isPartOf\":{\"@id\":\"https:\\\/\\\/www.giraffe360.com\\\/de\\\/#website\"},\"datePublished\":\"2022-12-13T14:08:07+00:00\",\"dateModified\":\"2024-02-23T10:41:55+00:00\",\"description\":\"Erstellen Sie mit der fortschrittlichen Kameratechnologie von Giraffe360 m\u00fchelos pr\u00e4zise DXF-Grundrisse, die sich ideal f\u00fcr CAD-Design und Immobiliengrundrisse eignen. Buchen Sie noch heute eine Demo.\",\"breadcrumb\":{\"@id\":\"https:\\\/\\\/www.giraffe360.com\\\/de\\\/dxf-grundrisse\\\/#breadcrumb\"},\"inLanguage\":\"de\",\"potentialAction\":[{\"@type\":\"ReadAction\",\"target\":[\"https:\\\/\\\/www.giraffe360.com\\\/de\\\/dxf-grundrisse\\\/\"]}]},{\"@type\":\"BreadcrumbList\",\"@id\":\"https:\\\/\\\/www.giraffe360.com\\\/de\\\/dxf-grundrisse\\\/#breadcrumb\",\"itemListElement\":[{\"@type\":\"ListItem\",\"position\":1,\"name\":\"Home\",\"item\":\"https:\\\/\\\/www.giraffe360.com\\\/de\\\/\"},{\"@type\":\"ListItem\",\"position\":2,\"name\":\"DXF Grundrisse\"}]},{\"@type\":\"WebSite\",\"@id\":\"https:\\\/\\\/www.giraffe360.com\\\/de\\\/#website\",\"url\":\"https:\\\/\\\/www.giraffe360.com\\\/de\\\/\",\"name\":\"Giraffe360\",\"description\":\"\",\"publisher\":{\"@id\":\"https:\\\/\\\/www.giraffe360.com\\\/de\\\/#organization\"},\"potentialAction\":[{\"@type\":\"SearchAction\",\"target\":{\"@type\":\"EntryPoint\",\"urlTemplate\":\"https:\\\/\\\/www.giraffe360.com\\\/de\\\/?s={search_term_string}\"},\"query-input\":{\"@type\":\"PropertyValueSpecification\",\"valueRequired\":true,\"valueName\":\"search_term_string\"}}],\"inLanguage\":\"de\"},{\"@type\":\"Organization\",\"@id\":\"https:\\\/\\\/www.giraffe360.com\\\/de\\\/#organization\",\"name\":\"Giraffe360\",\"url\":\"https:\\\/\\\/www.giraffe360.com\\\/de\\\/\",\"logo\":{\"@type\":\"ImageObject\",\"inLanguage\":\"de\",\"@id\":\"https:\\\/\\\/www.giraffe360.com\\\/de\\\/#\\\/schema\\\/logo\\\/image\\\/\",\"url\":\"https:\\\/\\\/webcdn.giraffe360.com\\\/wp-content\\\/uploads\\\/2022\\\/08\\\/Giraffe-Logo.jpg?strip=all&lossy=1&ssl=1\",\"contentUrl\":\"https:\\\/\\\/webcdn.giraffe360.com\\\/wp-content\\\/uploads\\\/2022\\\/08\\\/Giraffe-Logo.jpg?strip=all&lossy=1&ssl=1\",\"width\":828,\"height\":552,\"caption\":\"Giraffe360\"},\"image\":{\"@id\":\"https:\\\/\\\/www.giraffe360.com\\\/de\\\/#\\\/schema\\\/logo\\\/image\\\/\"},\"sameAs\":[\"https:\\\/\\\/www.facebook.com\\\/THISISGIRAFFE360\",\"https:\\\/\\\/x.com\\\/giraffe360\"]}]}<\/script>\n<!-- \/ Yoast SEO plugin. -->","yoast_head_json":{"title":"Editierbare DXF-Grundrisse | Giraffe360","description":"Erstellen Sie mit der fortschrittlichen Kameratechnologie von Giraffe360 m\u00fchelos pr\u00e4zise DXF-Grundrisse, die sich ideal f\u00fcr CAD-Design und Immobiliengrundrisse eignen. Buchen Sie noch heute eine Demo.","robots":{"index":"index","follow":"follow","max-snippet":"max-snippet:-1","max-image-preview":"max-image-preview:large","max-video-preview":"max-video-preview:-1"},"canonical":"https:\/\/www.giraffe360.com\/de\/dxf-grundrisse\/","og_locale":"de_DE","og_type":"article","og_title":"Editierbare DXF-Grundrisse | Giraffe360","og_description":"Erstellen Sie mit der fortschrittlichen Kameratechnologie von Giraffe360 m\u00fchelos pr\u00e4zise DXF-Grundrisse, die sich ideal f\u00fcr CAD-Design und Immobiliengrundrisse eignen. Buchen Sie noch heute eine Demo.","og_url":"https:\/\/www.giraffe360.com\/de\/dxf-grundrisse\/","og_site_name":"Giraffe360","article_publisher":"https:\/\/www.facebook.com\/THISISGIRAFFE360","article_modified_time":"2024-02-23T10:41:55+00:00","og_image":[{"width":828,"height":552,"url":"https:\/\/www.giraffe360.com\/wp-content\/uploads\/2022\/08\/Giraffe-Logo.jpg","type":"image\/jpeg"}],"twitter_card":"summary_large_image","twitter_site":"@giraffe360","schema":{"@context":"https:\/\/schema.org","@graph":[{"@type":"WebPage","@id":"https:\/\/www.giraffe360.com\/de\/dxf-grundrisse\/","url":"https:\/\/www.giraffe360.com\/de\/dxf-grundrisse\/","name":"Editierbare DXF-Grundrisse | Giraffe360","isPartOf":{"@id":"https:\/\/www.giraffe360.com\/de\/#website"},"datePublished":"2022-12-13T14:08:07+00:00","dateModified":"2024-02-23T10:41:55+00:00","description":"Erstellen Sie mit der fortschrittlichen Kameratechnologie von Giraffe360 m\u00fchelos pr\u00e4zise DXF-Grundrisse, die sich ideal f\u00fcr CAD-Design und Immobiliengrundrisse eignen. Buchen Sie noch heute eine Demo.","breadcrumb":{"@id":"https:\/\/www.giraffe360.com\/de\/dxf-grundrisse\/#breadcrumb"},"inLanguage":"de","potentialAction":[{"@type":"ReadAction","target":["https:\/\/www.giraffe360.com\/de\/dxf-grundrisse\/"]}]},{"@type":"BreadcrumbList","@id":"https:\/\/www.giraffe360.com\/de\/dxf-grundrisse\/#breadcrumb","itemListElement":[{"@type":"ListItem","position":1,"name":"Home","item":"https:\/\/www.giraffe360.com\/de\/"},{"@type":"ListItem","position":2,"name":"DXF Grundrisse"}]},{"@type":"WebSite","@id":"https:\/\/www.giraffe360.com\/de\/#website","url":"https:\/\/www.giraffe360.com\/de\/","name":"Giraffe360","description":"","publisher":{"@id":"https:\/\/www.giraffe360.com\/de\/#organization"},"potentialAction":[{"@type":"SearchAction","target":{"@type":"EntryPoint","urlTemplate":"https:\/\/www.giraffe360.com\/de\/?s={search_term_string}"},"query-input":{"@type":"PropertyValueSpecification","valueRequired":true,"valueName":"search_term_string"}}],"inLanguage":"de"},{"@type":"Organization","@id":"https:\/\/www.giraffe360.com\/de\/#organization","name":"Giraffe360","url":"https:\/\/www.giraffe360.com\/de\/","logo":{"@type":"ImageObject","inLanguage":"de","@id":"https:\/\/www.giraffe360.com\/de\/#\/schema\/logo\/image\/","url":"https:\/\/webcdn.giraffe360.com\/wp-content\/uploads\/2022\/08\/Giraffe-Logo.jpg?strip=all&lossy=1&ssl=1","contentUrl":"https:\/\/webcdn.giraffe360.com\/wp-content\/uploads\/2022\/08\/Giraffe-Logo.jpg?strip=all&lossy=1&ssl=1","width":828,"height":552,"caption":"Giraffe360"},"image":{"@id":"https:\/\/www.giraffe360.com\/de\/#\/schema\/logo\/image\/"},"sameAs":["https:\/\/www.facebook.com\/THISISGIRAFFE360","https:\/\/x.com\/giraffe360"]}]}},"_links":{"self":[{"href":"https:\/\/www.giraffe360.com\/de\/wp-json\/wp\/v2\/pages\/4149","targetHints":{"allow":["GET"]}}],"collection":[{"href":"https:\/\/www.giraffe360.com\/de\/wp-json\/wp\/v2\/pages"}],"about":[{"href":"https:\/\/www.giraffe360.com\/de\/wp-json\/wp\/v2\/types\/page"}],"author":[{"embeddable":true,"href":"https:\/\/www.giraffe360.com\/de\/wp-json\/wp\/v2\/users\/12"}],"replies":[{"embeddable":true,"href":"https:\/\/www.giraffe360.com\/de\/wp-json\/wp\/v2\/comments?post=4149"}],"version-history":[{"count":0,"href":"https:\/\/www.giraffe360.com\/de\/wp-json\/wp\/v2\/pages\/4149\/revisions"}],"wp:attachment":[{"href":"https:\/\/www.giraffe360.com\/de\/wp-json\/wp\/v2\/media?parent=4149"}],"curies":[{"name":"wp","href":"https:\/\/api.w.org\/{rel}","templated":true}]}}